{"id":84,"date":"2008-06-18T22:09:50","date_gmt":"2008-06-18T20:09:50","guid":{"rendered":"http:\/\/www.schuetzengesellschaft-lichtringhausen.de\/html\/?page_id=84"},"modified":"2008-06-18T22:25:33","modified_gmt":"2008-06-18T20:25:33","slug":"bilder-schutzenfest-2008","status":"publish","type":"page","link":"https:\/\/www.schuetzengesellschaft-lichtringhausen.de\/html\/bilder-schutzenfest-2008\/","title":{"rendered":"&#8211; Bilder Sch\u00fctzenfest 2008"},"content":{"rendered":"<p style=\"text-align: center;\"><img loading=\"lazy\" decoding=\"async\" class=\"alignnone size-full wp-image-85 aligncenter\" title=\"schuetzenfest_20081\" src=\"http:\/\/www.schuetzengesellschaft-lichtringhausen.de\/html\/wp-content\/uploads\/schuetzenfest_20081.jpg\" alt=\"\" width=\"479\" height=\"183\" srcset=\"https:\/\/www.schuetzengesellschaft-lichtringhausen.de\/html\/wp-content\/uploads\/schuetzenfest_20081.jpg 479w, https:\/\/www.schuetzengesellschaft-lichtringhausen.de\/html\/wp-content\/uploads\/schuetzenfest_20081-300x114.jpg 300w\" sizes=\"(max-width: 479px) 100vw, 479px\" \/><\/p>\n<p align=\"center\">Hier finden Sie Bilder vom Sch\u00fctzenfest 2008.<\/p>\n<p align=\"center\">Einfach auf das Vorschaubild klicken, und das Bild \u00f6ffnet sich vergr\u00f6\u00dfert.<\/p>\n<p align=\"center\">Sollte jemand w\u00fcnschen, da\u00df ein Bild hier nicht ver\u00f6ffentlicht wird, bitte bei <a title=\"eMail an Olaf Knoth\" href=\"mailto:olaf@schmollo.de\">mir <\/a>melden.<\/p>\n<p align=\"center\">Viel Spa\u00df.<\/p>\n<p style=\"text-align: left;\">[mygal=sf08]<\/p>\n<p align=\"center\">\n","protected":false},"excerpt":{"rendered":"<p>Hier finden Sie Bilder vom Sch\u00fctzenfest 2008. Einfach auf das Vorschaubild klicken, und das Bild \u00f6ffnet sich vergr\u00f6\u00dfert. Sollte jemand w\u00fcnschen, da\u00df ein Bild hier nicht ver\u00f6ffentlicht wird, bitte bei [&hellip;]<\/p>\n","protected":false},"author":1,"featured_media":0,"parent":0,"menu_order":0,"comment_status":"open","ping_status":"closed","template":"","meta":{"ngg_post_thumbnail":0,"footnotes":""},"_links":{"self":[{"href":"https:\/\/www.schuetzengesellschaft-lichtringhausen.de\/html\/wp-json\/wp\/v2\/pages\/84"}],"collection":[{"href":"https:\/\/www.schuetzengesellschaft-lichtringhausen.de\/html\/wp-json\/wp\/v2\/pages"}],"about":[{"href":"https:\/\/www.schuetzengesellschaft-lichtringhausen.de\/html\/wp-json\/wp\/v2\/types\/page"}],"author":[{"embeddable":true,"href":"https:\/\/www.schuetzengesellschaft-lichtringhausen.de\/html\/wp-json\/wp\/v2\/users\/1"}],"replies":[{"embeddable":true,"href":"https:\/\/www.schuetzengesellschaft-lichtringhausen.de\/html\/wp-json\/wp\/v2\/comments?post=84"}],"version-history":[{"count":0,"href":"https:\/\/www.schuetzengesellschaft-lichtringhausen.de\/html\/wp-json\/wp\/v2\/pages\/84\/revisions"}],"wp:attachment":[{"href":"https:\/\/www.schuetzengesellschaft-lichtringhausen.de\/html\/wp-json\/wp\/v2\/media?parent=84"}],"curies":[{"name":"wp","href":"https:\/\/api.w.org\/{rel}","templated":true}]}}