{"id":82,"date":"2008-06-11T10:01:27","date_gmt":"2008-06-11T08:01:27","guid":{"rendered":"http:\/\/www.schuetzengesellschaft-lichtringhausen.de\/html\/2-abteilungen\/kinderschutzenkonige\/"},"modified":"2018-06-26T19:36:02","modified_gmt":"2018-06-26T17:36:02","slug":"kinderschutzenkonige","status":"publish","type":"page","link":"https:\/\/www.schuetzengesellschaft-lichtringhausen.de\/html\/uber-die-schutzengesellschaft\/2-abteilungen\/kinderschutzenkonige\/","title":{"rendered":"&#8211; Kindersch\u00fctzenk\u00f6nige"},"content":{"rendered":"<p>Beim Sch\u00fctzenfest im Jahr 2008 wurde Freitags erstmalig ein Kindersch\u00fctzenk\u00f6nig ermittelt. Hier nun die Kindersch\u00fctzenk\u00f6nige der St. Jakobus Sch\u00fctzengesellschaft Lichtringhausen ab 2008:<\/p>\n<p title=\"\"><strong>2008 <\/strong>&#8211; <a title=\"\" href=\"http:\/\/www.schuetzengesellschaft-lichtringhausen.de\/html\/wp-content\/uploads\/regenten_2008.jpg\" target=\"_blank\" rel=\"noopener\">Nicolas Hermann <img loading=\"lazy\" decoding=\"async\" src=\"http:\/\/www.schuetzengesellschaft-lichtringhausen.de\/html\/wp-content\/photo.gif\" alt=\"zum Foto\" width=\"12\" height=\"11\"\/><\/a><\/p>\n<p title=\"\"><strong>2009<\/strong> &#8211; <a title=\"\" href=\"http:\/\/www.schuetzengesellschaft-lichtringhausen.de\/html\/wp-content\/myfotos\/schuetzenfest_2009\/2009_06_14_15_49.jpg\" target=\"_blank\" rel=\"noopener\">Dominik Venn <img loading=\"lazy\" decoding=\"async\" src=\"http:\/\/www.schuetzengesellschaft-lichtringhausen.de\/html\/wp-content\/photo.gif\" alt=\"zum Foto\" width=\"12\" height=\"11\"\/><\/a><\/p>\n<p title=\"\"><strong>2010<\/strong> &#8211; <a title=\"\" href=\"http:\/\/www.schuetzengesellschaft-lichtringhausen.de\/html\/wp-content\/uploads\/jannik_luebke_2010.jpg\" target=\"_blank\" rel=\"noopener\">Jannik L\u00fcbke <img loading=\"lazy\" decoding=\"async\" src=\"http:\/\/www.schuetzengesellschaft-lichtringhausen.de\/html\/wp-content\/photo.gif\" alt=\"zum Foto\" width=\"12\" height=\"11\"\/><\/a><\/p>\n<p><strong>2011<\/strong> &#8211; <a href=\"http:\/\/www.schuetzengesellschaft-lichtringhausen.de\/html\/wp-content\/gallery\/schuetzenfest_2011\/P1280103.JPG\" target=\"_blank\" rel=\"noopener\">Fabio Innerhofer&nbsp;<img loading=\"lazy\" decoding=\"async\" src=\"http:\/\/www.schuetzengesellschaft-lichtringhausen.de\/html\/wp-content\/photo.gif\" alt=\"zum Foto\" width=\"12\" height=\"11\"\/><\/a><\/p>\n<p title=\"\"><strong>2012<\/strong> &#8211; <a title=\"\" href=\"http:\/\/www.schuetzengesellschaft-lichtringhausen.de\/html\/wp-content\/uploads\/2012_KK_Marco_Eckert.jpg\" target=\"_blank\" rel=\"noopener\">Marco Eckert&nbsp;<img loading=\"lazy\" decoding=\"async\" title=\"\" src=\"http:\/\/www.schuetzengesellschaft-lichtringhausen.de\/html\/wp-content\/photo.gif\" alt=\"zum Foto\" width=\"12\" height=\"11\"\/><\/a><\/p>\n<p><strong>2013<\/strong> &#8211; Lena Cramer<\/p>\n<p title=\"\"><strong>2014<\/strong> &#8211; <a title=\"\" href=\"http:\/\/www.schuetzengesellschaft-lichtringhausen.de\/html\/wp-content\/uploads\/2014_Sebastian_Luebke.jpg\" target=\"_blank\" rel=\"noopener\">Celina Eckert<\/a>&nbsp;<a href=\"http:\/\/www.schuetzengesellschaft-lichtringhausen.de\/html\/wp-content\/uploads\/2014_Sebastian_Luebke.jpg\" target=\"_blank\" rel=\"noopener\"><img loading=\"lazy\" decoding=\"async\" src=\"http:\/\/www.schuetzengesellschaft-lichtringhausen.de\/html\/wp-content\/photo.gif\" alt=\"zum Foto\" width=\"12\" height=\"11\"\/><\/a><\/p>\n<p title=\"\"><strong>2015<\/strong> &#8211; <a title=\"\" href=\"http:\/\/www.schuetzengesellschaft-lichtringhausen.de\/html\/wp-content\/uploads\/P1450719-300x225.jpg\" target=\"_blank\" rel=\"noopener\">Jolina Irle&nbsp;<img loading=\"lazy\" decoding=\"async\" title=\"\" src=\"http:\/\/www.schuetzengesellschaft-lichtringhausen.de\/html\/wp-content\/photo.gif\" alt=\"zum Foto\" width=\"12\" height=\"11\"\/><\/a><\/p>\n<p title=\"\"><strong>2016 &#8211;<\/strong> <a title=\"\" href=\"http:\/\/www.schuetzengesellschaft-lichtringhausen.de\/html\/wp-content\/uploads\/2016-Laurin-Baruth.jpg\" target=\"_blank\" rel=\"noopener\">Laurin Baruth<\/a>&nbsp;<a title=\"\" href=\"http:\/\/www.schuetzengesellschaft-lichtringhausen.de\/html\/wp-content\/uploads\/2016-Laurin-Baruth.jpg\" target=\"_blank\" rel=\"noopener\"><img loading=\"lazy\" decoding=\"async\" title=\"\" src=\"http:\/\/www.schuetzengesellschaft-lichtringhausen.de\/html\/wp-content\/photo.gif\" alt=\"zum Foto\" width=\"12\" height=\"11\"\/><\/a><\/p>\n<p title=\"\"><strong>2017<\/strong> &#8211; <a title=\"\" href=\"https:\/\/www.schuetzengesellschaft-lichtringhausen.de\/html\/wp-content\/uploads\/P1510720.jpg\">Leona Innerhofer<\/a>&nbsp;<a title=\"\" href=\"https:\/\/www.schuetzengesellschaft-lichtringhausen.de\/html\/wp-content\/uploads\/P1510720.jpg\" target=\"_blank\" rel=\"noopener\"><img loading=\"lazy\" decoding=\"async\" title=\"\" src=\"http:\/\/www.schuetzengesellschaft-lichtringhausen.de\/html\/wp-content\/photo.gif\" alt=\"zum Foto\" width=\"12\" height=\"11\"\/><\/a><\/p>\n<p title=\"\"><strong>2018<\/strong> &#8211;&nbsp;<a title=\"\" href=\"https:\/\/www.schuetzengesellschaft-lichtringhausen.de\/html\/wp-content\/uploads\/P1540498.jpg\">Lavinia Innerhofer<\/a>&nbsp;<a title=\"\" href=\"https:\/\/www.schuetzengesellschaft-lichtringhausen.de\/html\/wp-content\/uploads\/P1540498.jpg\" target=\"_blank\" rel=\"noopener\"><img loading=\"lazy\" decoding=\"async\" title=\"\" src=\"http:\/\/www.schuetzengesellschaft-lichtringhausen.de\/html\/wp-content\/photo.gif\" alt=\"zum Foto\" width=\"12\" height=\"11\"\/><\/a><\/p>\n","protected":false},"excerpt":{"rendered":"<p>Beim Sch\u00fctzenfest im Jahr 2008 wurde Freitags erstmalig ein Kindersch\u00fctzenk\u00f6nig ermittelt. Hier nun die Kindersch\u00fctzenk\u00f6nige der St. Jakobus Sch\u00fctzengesellschaft Lichtringhausen ab 2008: 2008 &#8211; Nicolas Hermann 2009 &#8211; Dominik Venn [&hellip;]<\/p>\n","protected":false},"author":1,"featured_media":0,"parent":30,"menu_order":0,"comment_status":"closed","ping_status":"closed","template":"","meta":{"ngg_post_thumbnail":0,"footnotes":""},"_links":{"self":[{"href":"https:\/\/www.schuetzengesellschaft-lichtringhausen.de\/html\/wp-json\/wp\/v2\/pages\/82"}],"collection":[{"href":"https:\/\/www.schuetzengesellschaft-lichtringhausen.de\/html\/wp-json\/wp\/v2\/pages"}],"about":[{"href":"https:\/\/www.schuetzengesellschaft-lichtringhausen.de\/html\/wp-json\/wp\/v2\/types\/page"}],"author":[{"embeddable":true,"href":"https:\/\/www.schuetzengesellschaft-lichtringhausen.de\/html\/wp-json\/wp\/v2\/users\/1"}],"replies":[{"embeddable":true,"href":"https:\/\/www.schuetzengesellschaft-lichtringhausen.de\/html\/wp-json\/wp\/v2\/comments?post=82"}],"version-history":[{"count":18,"href":"https:\/\/www.schuetzengesellschaft-lichtringhausen.de\/html\/wp-json\/wp\/v2\/pages\/82\/revisions"}],"predecessor-version":[{"id":3994,"href":"https:\/\/www.schuetzengesellschaft-lichtringhausen.de\/html\/wp-json\/wp\/v2\/pages\/82\/revisions\/3994"}],"up":[{"embeddable":true,"href":"https:\/\/www.schuetzengesellschaft-lichtringhausen.de\/html\/wp-json\/wp\/v2\/pages\/30"}],"wp:attachment":[{"href":"https:\/\/www.schuetzengesellschaft-lichtringhausen.de\/html\/wp-json\/wp\/v2\/media?parent=82"}],"curies":[{"name":"wp","href":"https:\/\/api.w.org\/{rel}","templated":true}]}}