{"id":8,"date":"2005-04-12T21:04:59","date_gmt":"2005-04-12T19:04:59","guid":{"rendered":"http:\/\/www.schuetzengesellschaft-lichtringhausen.de\/html\/?page_id=8"},"modified":"2023-08-09T10:01:40","modified_gmt":"2023-08-09T08:01:40","slug":"die-schutzenkonige","status":"publish","type":"page","link":"https:\/\/www.schuetzengesellschaft-lichtringhausen.de\/html\/uber-die-schutzengesellschaft\/2-abteilungen\/die-schutzenkonige\/","title":{"rendered":"&#8211; Sch\u00fctzenk\u00f6nige"},"content":{"rendered":"<p>Hier stellen wir Euch unsere Majest\u00e4ten seit Gr\u00fcndung der Sch\u00fctzengesellschaft im Jahre 1927 vor.<br \/>\nWenn ein <img loading=\"lazy\" decoding=\"async\" class=\"alignnone\" src=\"http:\/\/www.schuetzengesellschaft-lichtringhausen.de\/html\/wp-content\/photo.gif\" alt=\"\" width=\"12\" height=\"11\" border=\"0\"\/> hinter dem Namen steht, ist ein Foto hinterlegt. Einfach dann auf den Namen klicken und es \u00f6ffnet sich ein neues Fenster mit dem Foto.<\/p>\n<p><strong> 1927 <\/strong>&#8211; <a href=\"http:\/\/www.schuetzengesellschaft-lichtringhausen.de\/html\/wp-content\/hermann_rauterkus.jpg\" target=\"_blank\" rel=\"noopener\">Hermann Rauterkus <\/a><a href=\"http:\/\/www.schuetzengesellschaft-lichtringhausen.de\/html\/wp-content\/hermann_rauterkus.jpg\" target=\"_blank\" rel=\"noopener\"><img decoding=\"async\" class=\"alignnone\" src=\"http:\/\/www.schuetzengesellschaft-lichtringhausen.de\/html\/wp-content\/photo.gif\" alt=\"Foto\" border=\"0\"\/><\/a><strong><br \/>\n1928 <\/strong>&#8211; Johann R\u00fcschenberg <strong><br \/>\n1929 <\/strong>&#8211; Josef Damm <strong><br \/>\n1930 <\/strong>&#8211; August Wurm <strong><br \/>\n1934 <\/strong>&#8211; Johann Reuter<br \/>\n<strong>1935 <\/strong>&#8211; <a title=\"Josef Strautz und Mathilde Bender\" href=\"http:\/\/www.schuetzengesellschaft-lichtringhausen.de\/html\/wp-content\/uploads\/1935_Josef_Strautz_Mathilde_Bender.jpg\" target=\"_blank\" rel=\"noopener\">Josef Strautz <\/a><a title=\"Josef Strautz und Mathilde Bender\" href=\"http:\/\/www.schuetzengesellschaft-lichtringhausen.de\/html\/wp-content\/uploads\/1935_Josef_Strautz_Mathilde_Bender.jpg\" target=\"_blank\" rel=\"noopener\"><strong><img loading=\"lazy\" decoding=\"async\" class=\"alignnone\" title=\"photo.gif\" src=\"http:\/\/www.schuetzengesellschaft-lichtringhausen.de\/html\/wp-content\/images\/photo.gif\" alt=\"photo.gif\" width=\"12\" height=\"11\" border=\"0\" hspace=\"5\" vspace=\"0\"\/><\/strong><\/a><strong><br \/>\n1936 <\/strong>&#8211; Josef Rauterkus <strong><br \/>\n1937 <\/strong>&#8211; Franz Bock <strong><br \/>\n1938 <\/strong>&#8211; Josef Reuter <strong><br \/>\n1939 <\/strong>&#8211; Otto M\u00f6x <strong><br \/>\n1949 <\/strong>&#8211; Josef Br\u00f6cher <strong><br \/>\n1950 <\/strong>&#8211; <a href=\"http:\/\/www.schuetzengesellschaft-lichtringhausen.de\/html\/wp-content\/uploads\/paul_schulte.jpg\">Paul Schulte <\/a><a title=\"Bild Bruno Schulte\" href=\"http:\/\/www.schuetzengesellschaft-lichtringhausen.de\/html\/wp-content\/uploads\/paul_schulte.jpg\" target=\"_blank\" rel=\"noopener\"><img loading=\"lazy\" decoding=\"async\" class=\"alignnone\" title=\"photo.gif\" src=\"http:\/\/www.schuetzengesellschaft-lichtringhausen.de\/html\/wp-content\/images\/photo.gif\" alt=\"photo.gif\" width=\"12\" height=\"11\" border=\"0\" hspace=\"5\" vspace=\"0\"\/><\/a><strong><br \/>\n1951 <\/strong>&#8211; Hubert Cramer <strong><br \/>\n1952 <\/strong>&#8211; Josef Schrage <strong><br \/>\n1953 <\/strong>&#8211; <a title=\"Eugen Cramer\" href=\"http:\/\/www.schuetzengesellschaft-lichtringhausen.de\/html\/wp-content\/uploads\/1953_Eugen_Cramer.jpg\" target=\"_blank\" rel=\"noopener\">Eugen Cramer <\/a><a title=\"Eugen Cramer\" href=\"http:\/\/www.schuetzengesellschaft-lichtringhausen.de\/html\/wp-content\/uploads\/1953_Eugen_Cramer.jpg\" target=\"_blank\" rel=\"noopener\"><strong><img loading=\"lazy\" decoding=\"async\" class=\"alignnone\" title=\"photo.gif\" src=\"http:\/\/www.schuetzengesellschaft-lichtringhausen.de\/html\/wp-content\/images\/photo.gif\" alt=\"photo.gif\" width=\"12\" height=\"11\" border=\"0\" hspace=\"5\" vspace=\"0\"\/><\/strong><\/a><strong><br \/>\n1954 <\/strong>&#8211; Willi Bender <strong><br \/>\n1955 <\/strong>&#8211; Franz Hellner <strong><br \/>\n1956 <\/strong>&#8211; <a title=\"Bild Bruno Schulte\" href=\"http:\/\/www.schuetzengesellschaft-lichtringhausen.de\/html\/wp-content\/images\/Bruno_Schulte.jpg\" target=\"_blank\" rel=\"noopener\">Bruno Schulte<\/a><a title=\"Bild Bruno Schulte\" href=\"http:\/\/www.schuetzengesellschaft-lichtringhausen.de\/html\/wp-content\/images\/Bruno_Schulte.jpg\" target=\"_blank\" rel=\"noopener\"><img loading=\"lazy\" decoding=\"async\" class=\"alignnone\" title=\"photo.gif\" src=\"http:\/\/www.schuetzengesellschaft-lichtringhausen.de\/html\/wp-content\/images\/photo.gif\" alt=\"photo.gif\" width=\"12\" height=\"11\" border=\"0\" hspace=\"5\" vspace=\"0\"\/><\/a><strong><br \/>\n1957 <\/strong>&#8211; Josef Wurm <strong><br \/>\n1958 <\/strong>&#8211; Hubert Damm <strong><br \/>\n1959 <\/strong>&#8211; Albert Richter <strong><br \/>\n1960 <\/strong>&#8211; Theo Wurm <strong><br \/>\n1961 <\/strong>&#8211; Siegfried Schulte <strong><br \/>\n1962 <\/strong>&#8211; Heinz Bock <strong><br \/>\n1963 <\/strong>&#8211; Arthur Braunschneider <strong><br \/>\n1964 <\/strong>&#8211; Paul L\u00fcbke <strong><br \/>\n1965 <\/strong>&#8211; Gerhard Herrmann <strong><br \/>\n1966 <\/strong>&#8211; Alfred Arens <strong><br \/>\n1967 <\/strong>&#8211; Wolfgang Florath <strong><br \/>\n1968 <\/strong>&#8211; Alois Reuter <strong><br \/>\n1969 <\/strong>&#8211; Heinz L\u00fcbke <strong><br \/>\n1970 <\/strong>&#8211; Horst Kr\u00fcger <strong><br \/>\n1971 <\/strong>&#8211; Gottfried Boos <strong><br \/>\n1972 <\/strong>&#8211; Alois R\u00fcschenberg <strong><br \/>\n1973 <\/strong>&#8211; Heinz Rauterkus<br \/>\n<strong>1974 <\/strong>&#8211; Paul D\u00f6ring <strong><br \/>\n1975 <\/strong>&#8211; Rainer Looks<br \/>\n<strong>1976 <\/strong>&#8211; Hubert Cramer <strong><br \/>\n1977 <\/strong>&#8211; Rudi Schmidt <strong><br \/>\n1978 <\/strong>&#8211; Hans-Werner Schulte <strong><br \/>\n1979 <\/strong>&#8211; <a href=\"https:\/\/www.schuetzengesellschaft-lichtringhausen.de\/html\/wp-content\/uploads\/6617BB1F-53A9-473D-B010-AD59D507927B.jpeg\">Gerhard Kramer <\/a><a href=\"https:\/\/www.schuetzengesellschaft-lichtringhausen.de\/html\/wp-content\/uploads\/6617BB1F-53A9-473D-B010-AD59D507927B.jpeg\" target=\"_blank\" rel=\"noopener\"><img loading=\"lazy\" decoding=\"async\" class=\"alignnone\" title=\"Foto\" src=\"http:\/\/www.schuetzengesellschaft-lichtringhausen.de\/html\/wp-content\/images\/photo.gif\" alt=\"Foto\" width=\"12\" height=\"11\" border=\"0\" hspace=\"5\" vspace=\"0\"\/><\/a><strong><br \/>\n1980 <\/strong>&#8211; <a href=\"http:\/\/www.schuetzengesellschaft-lichtringhausen.de\/html\/wp-content\/images\/alfons_wurm.jpg\" target=\"_blank\" rel=\"noopener\">Alfons Wurm <\/a><a href=\"http:\/\/www.schuetzengesellschaft-lichtringhausen.de\/html\/wp-content\/images\/alfons_wurm.jpg\" target=\"_blank\" rel=\"noopener\"><img loading=\"lazy\" decoding=\"async\" class=\"alignnone\" title=\"Foto\" src=\"http:\/\/www.schuetzengesellschaft-lichtringhausen.de\/html\/wp-content\/images\/photo.gif\" alt=\"Foto\" width=\"12\" height=\"11\" border=\"0\" hspace=\"5\" vspace=\"0\"\/><\/a><strong><br \/>\n1981 <\/strong>&#8211; Ditmar Stracke<\/p>\n<p>Im Jahr 1981 wird auch das letzte Mal Montags der K\u00f6nig ermittelt. Ab 1982 wird der K\u00f6nig Samstags ermittelt. Ditmar Stracke ist, wenn man das so sagen darf, der letzte Montagsk\u00f6nig, Peter Kraus der erste Samstagsk\u00f6nig.<\/p>\n<p title=\"\"><strong> 1982 <\/strong>&#8211; Peter Kraus <strong><br \/>\n1983 <\/strong>&#8211; Harald Beckmann <strong><br \/>\n1984 <\/strong>&#8211; Werner Damm <strong><br \/>\n1985 <\/strong>&#8211; Karl-Heinz Schulte <strong><br \/>\n1986 <\/strong>&#8211; Alfred Braunschneider <strong><br \/>\n1987 <\/strong>&#8211; Dieter Braun <strong><br \/>\n1988 <\/strong>&#8211; Peter Blume <strong><br \/>\n1989 <\/strong>&#8211; Udo Cramer <strong><br \/>\n1990 <\/strong>&#8211; Siegfried Schwarte <strong><br \/>\n1991 <\/strong>&#8211; Wolfgang Karaschewski <strong><br \/>\n1992 <\/strong>&#8211; Gerhard L\u00fcbke <strong><br \/>\n1993 <\/strong>&#8211; Berthold Reuter <strong><br \/>\n1994 <\/strong>&#8211; Siegfried Kirsch <strong><br \/>\n1995 <\/strong>&#8211; <a href=\"http:\/\/www.schuetzengesellschaft-lichtringhausen.de\/html\/wp-content\/Udo_Florath.jpg\" target=\"_blank\" rel=\"noopener\">Udo Florath <\/a><a href=\"http:\/\/www.schuetzengesellschaft-lichtringhausen.de\/html\/wp-content\/Udo_Florath.jpg\" target=\"_blank\" rel=\"noopener\"><img decoding=\"async\" class=\"alignnone\" src=\"http:\/\/www.schuetzengesellschaft-lichtringhausen.de\/html\/wp-content\/photo.gif\" alt=\"Foto\" border=\"0\"\/><\/a><strong><br \/>\n1996 <\/strong>&#8211; <a href=\"http:\/\/www.schuetzengesellschaft-lichtringhausen.de\/html\/wp-content\/olaf_knoth.jpg\" target=\"_blank\" rel=\"noopener\">Olaf Knoth<\/a><a href=\"http:\/\/www.schuetzengesellschaft-lichtringhausen.de\/html\/wp-content\/olaf_knoth.jpg\" target=\"_blank\" rel=\"noopener\"><img decoding=\"async\" class=\"alignnone\" src=\"http:\/\/www.schuetzengesellschaft-lichtringhausen.de\/html\/wp-content\/photo.gif\" alt=\"Foto\" border=\"0\"\/><\/a><a href=\"http:\/\/www.schuetzengesellschaft-lichtringhausen.de\/html\/wp-content\/olaf_knoth.jpg\" target=\"_blank\" rel=\"noopener\"><br \/>\n<\/a><strong>1997 <\/strong>&#8211; Friedhelm Arens<strong><br \/>\n1998 <\/strong>&#8211; Uwe H\u00fcnerj\u00e4ger <strong><br \/>\n1999 <\/strong>&#8211; Oliver Boos <strong><br \/>\n2000 <\/strong>&#8211; Carsten Lux <strong><br \/>\n2001 <\/strong>&#8211; Hartmut L\u00fcbke <strong><br \/>\n2002 <\/strong>&#8211; <a href=\"https:\/\/www.schuetzengesellschaft-lichtringhausen.de\/html\/wp-content\/uploads\/2002-Gerd-Braunschneider.jpeg\" target=\"_blank\" rel=\"noopener\">Gerd Braunschneider<\/a> <a href=\"https:\/\/www.schuetzengesellschaft-lichtringhausen.de\/html\/wp-content\/uploads\/2002-Gerd-Braunschneider.jpeg\" target=\"_blank\" rel=\"noopener\"><img loading=\"lazy\" decoding=\"async\" class=\"alignnone\" title=\"photo.gif\" src=\"http:\/\/www.schuetzengesellschaft-lichtringhausen.de\/html\/wp-content\/images\/photo.gif\" alt=\"photo.gif\" width=\"12\" height=\"11\" border=\"0\" hspace=\"5\" vspace=\"0\"\/><\/a><br \/>\n<strong>2003 <\/strong>&#8211; <a title=\"\" href=\"http:\/\/www.schuetzengesellschaft-lichtringhausen.de\/html\/wp-content\/images\/bernd_cramer.jpg\" target=\"_blank\" rel=\"noopener\">Bernd Cramer<\/a><a href=\"http:\/\/www.schuetzengesellschaft-lichtringhausen.de\/html\/wp-content\/images\/bernd_cramer.jpg\" target=\"_blank\" rel=\"noopener\"><img loading=\"lazy\" decoding=\"async\" class=\"alignnone\" title=\"photo.gif\" src=\"http:\/\/www.schuetzengesellschaft-lichtringhausen.de\/html\/wp-content\/images\/photo.gif\" alt=\"photo.gif\" width=\"12\" height=\"11\" border=\"0\" hspace=\"5\" vspace=\"0\"\/><\/a><strong><br \/>\n2004 <\/strong>&#8211; <a title=\"\" href=\"http:\/\/www.schuetzengesellschaft-lichtringhausen.de\/html\/wp-content\/michael_eckert.jpg\" target=\"_blank\" rel=\"noopener\">Michael Eckert <\/a><a href=\"http:\/\/www.schuetzengesellschaft-lichtringhausen.de\/html\/wp-content\/michael_eckert.jpg\" target=\"_blank\" rel=\"noopener\"><img decoding=\"async\" class=\"alignnone\" src=\"http:\/\/www.schuetzengesellschaft-lichtringhausen.de\/html\/wp-content\/photo.gif\" alt=\"Foto\" border=\"0\"\/><\/a><strong><br \/>\n2005 <\/strong>&#8211; <a title=\"\" href=\"http:\/\/www.schuetzengesellschaft-lichtringhausen.de\/html\/wp-content\/joerg_wurm.jpg\" target=\"_blank\" rel=\"noopener\">J\u00f6rg Wurm <\/a><a href=\"http:\/\/www.schuetzengesellschaft-lichtringhausen.de\/html\/wp-content\/joerg_wurm.jpg\" target=\"_blank\" rel=\"noopener\"><img decoding=\"async\" class=\"alignnone\" src=\"http:\/\/www.schuetzengesellschaft-lichtringhausen.de\/html\/wp-content\/photo.gif\" alt=\"Foto\" border=\"0\"\/><\/a><br \/>\n<strong>2006<\/strong> &#8211; <a title=\"zu dem Foto\" href=\"http:\/\/www.schuetzengesellschaft-lichtringhausen.de\/html\/wp-content\/images\/dennis_luebke.jpg\" target=\"_blank\" rel=\"noopener\">Dennis L\u00fcbke <\/a><a title=\"zu dem Foto\" href=\"http:\/\/www.schuetzengesellschaft-lichtringhausen.de\/html\/wp-content\/images\/dennis_luebke.jpg\" target=\"_blank\" rel=\"noopener\"><img decoding=\"async\" class=\"alignnone\" src=\"http:\/\/www.schuetzengesellschaft-lichtringhausen.de\/html\/wp-content\/photo.gif\" alt=\"Foto\" border=\"0\"\/><\/a><a title=\"zu dem Foto\" href=\"http:\/\/www.schuetzengesellschaft-lichtringhausen.de\/html\/wp-content\/images\/dennis_luebke.jpg\" target=\"_blank\" rel=\"noopener\"><br \/>\n<\/a><strong>2007 <\/strong>&#8211; <a title=\"\" href=\"http:\/\/www.schuetzengesellschaft-lichtringhausen.de\/html\/wp-content\/uploads\/Thomas_Martinetz.jpg\" target=\"_blank\" rel=\"noopener\">Thomas Martinetz <\/a><a href=\"http:\/\/www.schuetzengesellschaft-lichtringhausen.de\/html\/wp-content\/uploads\/Thomas_Martinetz.jpg\" target=\"_blank\" rel=\"noopener\"><img decoding=\"async\" class=\"alignnone\" src=\"http:\/\/www.schuetzengesellschaft-lichtringhausen.de\/html\/wp-content\/photo.gif\" alt=\"Foto\" border=\"0\"\/><\/a><strong><a title=\"zu dem Foto\" href=\"http:\/\/www.schuetzengesellschaft-lichtringhausen.de\/html\/wp-content\/images\/dennis_luebke.jpg\" target=\"_blank\" rel=\"noopener\"><br \/>\n<\/a>2008<\/strong> &#8211; <a title=\"\" href=\"http:\/\/www.schuetzengesellschaft-lichtringhausen.de\/html\/wp-content\/uploads\/regenten_2008.jpg\">Peter Wessels<\/a><a href=\"http:\/\/www.schuetzengesellschaft-lichtringhausen.de\/html\/wp-content\/uploads\/regenten_2008.jpg\"><img loading=\"lazy\" decoding=\"async\" class=\"alignnone\" src=\"http:\/\/www.schuetzengesellschaft-lichtringhausen.de\/html\/wp-content\/photo.gif\" alt=\"\" width=\"12\" height=\"11\"\/><\/a><a href=\"http:\/\/www.schuetzengesellschaft-lichtringhausen.de\/html\/wp-content\/uploads\/regenten_2008.jpg\"><br \/>\n<\/a><strong>2009<\/strong> &#8211; <a title=\"\" href=\"http:\/\/www.schuetzengesellschaft-lichtringhausen.de\/html\/wp-content\/uploads\/thomas-kramer-2009.jpg\" target=\"_blank\" rel=\"noopener\">Thomas Kramer <\/a><a title=\"\" href=\"http:\/\/www.schuetzengesellschaft-lichtringhausen.de\/html\/wp-content\/uploads\/thomas-kramer-2009.jpg\" target=\"_blank\" rel=\"noopener\"><img loading=\"lazy\" decoding=\"async\" class=\"alignnone\" title=\"\" src=\"http:\/\/www.schuetzengesellschaft-lichtringhausen.de\/html\/wp-content\/photo.gif\" alt=\"\" width=\"12\" height=\"11\"\/><\/a><a href=\"http:\/\/www.schuetzengesellschaft-lichtringhausen.de\/html\/wp-content\/uploads\/thomas-kramer-2009.jpg\" target=\"_blank\" rel=\"noopener\"><br \/>\n<\/a><strong>2010<\/strong> &#8211; <a title=\"\" href=\"http:\/\/www.schuetzengesellschaft-lichtringhausen.de\/html\/wp-content\/uploads\/marco_florath_2010.jpg\" target=\"_blank\" rel=\"noopener\">Marco Florath <\/a><a href=\"http:\/\/www.schuetzengesellschaft-lichtringhausen.de\/html\/wp-content\/uploads\/marco_florath_2010.jpg\" target=\"_blank\" rel=\"noopener\"><img loading=\"lazy\" decoding=\"async\" class=\"alignnone\" src=\"http:\/\/www.schuetzengesellschaft-lichtringhausen.de\/html\/wp-content\/photo.gif\" alt=\"\" width=\"12\" height=\"11\"\/><\/a><a href=\"http:\/\/www.schuetzengesellschaft-lichtringhausen.de\/html\/wp-content\/uploads\/marco_florath_2010.jpg\" target=\"_blank\" rel=\"noopener\"><br \/>\n<\/a><strong>2011<\/strong> &#8211; <a title=\"\" href=\"http:\/\/www.schuetzengesellschaft-lichtringhausen.de\/html\/wp-content\/gallery\/schuetzenfest_2011\/P1280079.JPG\" target=\"_blank\" rel=\"noopener\">Tino Kraus<\/a><a href=\"http:\/\/www.schuetzengesellschaft-lichtringhausen.de\/html\/wp-content\/gallery\/schuetzenfest_2011\/P1280079.JPG\" target=\"_blank\" rel=\"noopener\"><img loading=\"lazy\" decoding=\"async\" class=\"alignnone\" src=\"http:\/\/www.schuetzengesellschaft-lichtringhausen.de\/html\/wp-content\/photo.gif\" alt=\"\" width=\"12\" height=\"11\"\/><\/a><a href=\"http:\/\/www.schuetzengesellschaft-lichtringhausen.de\/html\/wp-content\/gallery\/schuetzenfest_2011\/P1280079.JPG\" target=\"_blank\" rel=\"noopener\"><br \/>\n<\/a><strong>2012<\/strong> &#8211; <a title=\"\" href=\"http:\/\/www.schuetzengesellschaft-lichtringhausen.de\/html\/wp-content\/gallery\/schuetzenfest_2012\/P1330944.JPG\" target=\"_blank\" rel=\"noopener\">Volker Baruth&nbsp;<\/a><a title=\"\" href=\"http:\/\/www.schuetzengesellschaft-lichtringhausen.de\/html\/wp-content\/gallery\/schuetzenfest_2012\/P1330944.JPG\" target=\"_blank\" rel=\"noopener\"><img loading=\"lazy\" decoding=\"async\" class=\"alignnone\" title=\"\" src=\"http:\/\/www.schuetzengesellschaft-lichtringhausen.de\/html\/wp-content\/photo.gif\" alt=\"\" width=\"12\" height=\"11\"\/><\/a><a href=\"http:\/\/www.schuetzengesellschaft-lichtringhausen.de\/html\/wp-content\/gallery\/schuetzenfest_2012\/P1330944.JPG\" target=\"_blank\" rel=\"noopener\"><br \/>\n<\/a><strong>2013<\/strong> &#8211; <a title=\"\" href=\"https:\/\/www.schuetzengesellschaft-lichtringhausen.de\/html\/wp-content\/uploads\/majestaeten_2013.jpg\">Raphael L\u00fcbke<\/a>&nbsp;<a title=\"\" href=\"https:\/\/www.schuetzengesellschaft-lichtringhausen.de\/html\/wp-content\/uploads\/majestaeten_2013.jpg\" target=\"_blank\" rel=\"noopener\"><img loading=\"lazy\" decoding=\"async\" class=\"alignnone\" title=\"\" src=\"http:\/\/www.schuetzengesellschaft-lichtringhausen.de\/html\/wp-content\/photo.gif\" alt=\"\" width=\"12\" height=\"11\"\/><\/a><br \/>\n<strong>2014<\/strong> &#8211;<a title=\"\" href=\"https:\/\/www.schuetzengesellschaft-lichtringhausen.de\/html\/wp-content\/uploads\/79450929-462.jpg\" target=\"_blank\" rel=\"noopener\"> Sebastian L\u00fcbke<\/a>&nbsp;<a title=\"\" href=\"http:\/\/www.schuetzengesellschaft-lichtringhausen.de\/html\/wp-content\/uploads\/2014_Sebastian_Luebke.jpg\" target=\"_blank\" rel=\"noopener\"><img loading=\"lazy\" decoding=\"async\" class=\"alignnone\" title=\"\" src=\"http:\/\/www.schuetzengesellschaft-lichtringhausen.de\/html\/wp-content\/photo.gif\" alt=\"\" width=\"12\" height=\"11\"\/><\/a><a href=\"http:\/\/www.schuetzengesellschaft-lichtringhausen.de\/html\/wp-content\/uploads\/2014_Sebastian_Luebke.jpg\" target=\"_blank\" rel=\"noopener\"><br \/>\n<\/a><strong>2015 &#8211;<\/strong> <a title=\"\" href=\"https:\/\/www.schuetzengesellschaft-lichtringhausen.de\/html\/wp-content\/uploads\/79450929-462.jpg\">Carsten Schmidt<\/a><a title=\"\" href=\"https:\/\/www.schuetzengesellschaft-lichtringhausen.de\/html\/wp-content\/uploads\/79450929-462.jpg\" target=\"_blank\" rel=\"noopener\">&nbsp;<img loading=\"lazy\" decoding=\"async\" class=\"alignnone\" title=\"\" src=\"http:\/\/www.schuetzengesellschaft-lichtringhausen.de\/html\/wp-content\/photo.gif\" alt=\"\" width=\"12\" height=\"11\"\/><\/a><br \/>\n<strong>2016 &#8211;<\/strong><a title=\"\" href=\"https:\/\/www.schuetzengesellschaft-lichtringhausen.de\/html\/wp-content\/uploads\/2016-Patrick-Florath.jpg\" target=\"_blank\" rel=\"noopener\">Patrick Florath<\/a>&nbsp;<a title=\"\" href=\"https:\/\/www.schuetzengesellschaft-lichtringhausen.de\/html\/wp-content\/uploads\/P1540484.jpg\" target=\"_blank\" rel=\"noopener\"><img loading=\"lazy\" decoding=\"async\" class=\"alignnone\" title=\"\" src=\"http:\/\/www.schuetzengesellschaft-lichtringhausen.de\/html\/wp-content\/photo.gif\" alt=\"\" width=\"12\" height=\"11\"\/><\/a><br \/>\n<strong>2017<\/strong> &#8211; <a title=\"\" href=\"https:\/\/www.schuetzengesellschaft-lichtringhausen.de\/html\/wp-content\/uploads\/P1510664.jpg\">Kai H\u00fcnerj\u00e4ger<\/a>&nbsp;<a title=\"\" href=\"https:\/\/www.schuetzengesellschaft-lichtringhausen.de\/html\/wp-content\/uploads\/P1510664.jpg\" target=\"_blank\" rel=\"noopener\"><img loading=\"lazy\" decoding=\"async\" class=\"alignnone\" title=\"\" src=\"http:\/\/www.schuetzengesellschaft-lichtringhausen.de\/html\/wp-content\/photo.gif\" alt=\"\" width=\"12\" height=\"11\"\/><\/a><br \/>\n<strong>2018<\/strong> &#8211; <span style=\"color: #99cc00;\" title=\"\"><a title=\"\" href=\"https:\/\/www.schuetzengesellschaft-lichtringhausen.de\/html\/wp-content\/uploads\/P1540484.jpg\">Patrick Bertermann<\/a>&nbsp;<a style=\"color: #99cc00;\" title=\"\" href=\"https:\/\/www.schuetzengesellschaft-lichtringhausen.de\/html\/wp-content\/uploads\/P1540484.jpg\" target=\"_blank\" rel=\"noopener\"><img loading=\"lazy\" decoding=\"async\" class=\"alignnone\" title=\"\" src=\"http:\/\/www.schuetzengesellschaft-lichtringhausen.de\/html\/wp-content\/photo.gif\" alt=\"\" width=\"12\" height=\"11\"\/><\/a><\/span><\/p>\n<hr \/>\n<p>Wer noch Bilder zu den einzelnen K\u00f6nigen hat, bitte ich um Zusendung per <a href=\"mailto:webmaster@schuetzengesellschaft-lichtringhausen.de\">Mail.<\/a> Wenn ein Foto nicht in digitaler Weise vorliegt, der kann mir den Abzug auch vorbei bringen. Ich werde das dann einscannen und nat\u00fcrlich dem Besitzer wieder zur\u00fcckgeben.<br \/>\nVielen Dank.<br \/>\nOlaf Knoth<\/p>\n","protected":false},"excerpt":{"rendered":"<p>Hier stellen wir Euch unsere Majest\u00e4ten seit Gr\u00fcndung der Sch\u00fctzengesellschaft im Jahre 1927 vor. Wenn ein hinter dem Namen steht, ist ein Foto hinterlegt. Einfach dann auf den Namen klicken [&hellip;]<\/p>\n","protected":false},"author":1,"featured_media":0,"parent":30,"menu_order":2,"comment_status":"closed","ping_status":"closed","template":"","meta":{"ngg_post_thumbnail":0,"footnotes":""},"_links":{"self":[{"href":"https:\/\/www.schuetzengesellschaft-lichtringhausen.de\/html\/wp-json\/wp\/v2\/pages\/8"}],"collection":[{"href":"https:\/\/www.schuetzengesellschaft-lichtringhausen.de\/html\/wp-json\/wp\/v2\/pages"}],"about":[{"href":"https:\/\/www.schuetzengesellschaft-lichtringhausen.de\/html\/wp-json\/wp\/v2\/types\/page"}],"author":[{"embeddable":true,"href":"https:\/\/www.schuetzengesellschaft-lichtringhausen.de\/html\/wp-json\/wp\/v2\/users\/1"}],"replies":[{"embeddable":true,"href":"https:\/\/www.schuetzengesellschaft-lichtringhausen.de\/html\/wp-json\/wp\/v2\/comments?post=8"}],"version-history":[{"count":32,"href":"https:\/\/www.schuetzengesellschaft-lichtringhausen.de\/html\/wp-json\/wp\/v2\/pages\/8\/revisions"}],"predecessor-version":[{"id":4534,"href":"https:\/\/www.schuetzengesellschaft-lichtringhausen.de\/html\/wp-json\/wp\/v2\/pages\/8\/revisions\/4534"}],"up":[{"embeddable":true,"href":"https:\/\/www.schuetzengesellschaft-lichtringhausen.de\/html\/wp-json\/wp\/v2\/pages\/30"}],"wp:attachment":[{"href":"https:\/\/www.schuetzengesellschaft-lichtringhausen.de\/html\/wp-json\/wp\/v2\/media?parent=8"}],"curies":[{"name":"wp","href":"https:\/\/api.w.org\/{rel}","templated":true}]}}