{"id":7,"date":"2005-04-12T21:04:45","date_gmt":"2005-04-12T19:04:45","guid":{"rendered":"http:\/\/www.schuetzengesellschaft-lichtringhausen.de\/html\/?page_id=7"},"modified":"2018-06-26T18:53:58","modified_gmt":"2018-06-26T16:53:58","slug":"die-schutzenkaiser","status":"publish","type":"page","link":"https:\/\/www.schuetzengesellschaft-lichtringhausen.de\/html\/uber-die-schutzengesellschaft\/2-abteilungen\/die-schutzenkaiser\/","title":{"rendered":"&#8211; Sch\u00fctzenkaiser"},"content":{"rendered":"<p>Sch\u00fctzenkaiser der St.-Jakobus-Sch\u00fctzengesellschaft Lichtringhausen<\/p>\n<p>Wenn ein <img loading=\"lazy\" decoding=\"async\" src=\"http:\/\/www.schuetzengesellschaft-lichtringhausen.de\/html\/wp-content\/photo.gif\" alt=\"\" width=\"12\" height=\"11\" border=\"0\"\/> hinter dem Namen steht, ist ein Foto hinterlegt. Einfach dann auf den Namen klicken und es \u00f6ffnet sich ein neues Fenster mit dem Foto.<\/p>\n<p><img decoding=\"async\" src=\"http:\/\/www.schuetzengesellschaft-lichtringhausen.de\/html\/wp-content\/trennlinie.jpg\" alt=\"\" border=\"0\"\/><\/p>\n<p><strong> 1952 <\/strong>&#8211; Josef Damm<\/p>\n<p><strong> 1967 <\/strong>&#8211; Theo Wurm<\/p>\n<p><strong> 1977 <\/strong>&#8211; Rainer Looks<\/p>\n<p><strong> 1987 <\/strong>&#8211; Willi Bender<\/p>\n<p><strong> 1992 <\/strong>&#8211; Alfons Wurm<\/p>\n<p><strong> 1997 <\/strong>&#8211; Siegfried Schwarte<\/p>\n<p title=\"\"><strong> 2002 <\/strong>&#8211; <a title=\"\" href=\"http:\/\/www.schuetzengesellschaft-lichtringhausen.de\/html\/wp-content\/harald_beckmann_2004_01.jpg\" target=\"_blank\" rel=\"noopener\">Harald Beckmann <img loading=\"lazy\" decoding=\"async\" src=\"http:\/\/www.schuetzengesellschaft-lichtringhausen.de\/html\/wp-content\/photo.gif\" alt=\"\" width=\"12\" height=\"11\" border=\"0\"\/><\/a><\/p>\n<p title=\"\"><strong>2007 <\/strong>&#8211; <a title=\"\" href=\"http:\/\/www.schuetzengesellschaft-lichtringhausen.de\/html\/wp-content\/gallery\/schuetzenfest_2011\/P1280062.JPG\" target=\"_blank\" rel=\"noopener\">Peter Kraus&nbsp;<img loading=\"lazy\" decoding=\"async\" title=\"\" src=\"http:\/\/www.schuetzengesellschaft-lichtringhausen.de\/html\/wp-content\/photo.gif\" alt=\"\" width=\"12\" height=\"11\" border=\"0\"\/><\/a><\/p>\n<p title=\"\"><strong title=\"\">2012<\/strong> &#8211; <a title=\"\" href=\"https:\/\/www.schuetzengesellschaft-lichtringhausen.de\/html\/wp-content\/uploads\/majestaeten_2013.jpg\">Bernd Cramer <img loading=\"lazy\" decoding=\"async\" src=\"http:\/\/www.schuetzengesellschaft-lichtringhausen.de\/html\/wp-content\/photo.gif\" alt=\"\" width=\"12\" height=\"11\" border=\"0\"\/>&nbsp;<\/a><\/p>\n<p title=\"\"><strong>2017<\/strong> &#8211; <a title=\"\" href=\"https:\/\/www.schuetzengesellschaft-lichtringhausen.de\/html\/wp-content\/uploads\/P1510685.jpg\">Oliver Boos&nbsp;<img loading=\"lazy\" decoding=\"async\" title=\"\" src=\"http:\/\/www.schuetzengesellschaft-lichtringhausen.de\/html\/wp-content\/photo.gif\" alt=\"\" width=\"12\" height=\"11\" border=\"0\"\/>&nbsp;<\/a><\/p>\n<p><img decoding=\"async\" src=\"http:\/\/www.schuetzengesellschaft-lichtringhausen.de\/html\/wp-content\/trennlinie.jpg\" alt=\"\" border=\"0\"\/><\/p>\n<p>Wer noch Bilder zu den einzelnen Kaisern hat, bitte ich um Zusendung per <a href=\"mailto:webmaster@schuetzengesellschaft-lichtringhausen.de\">Mail.<\/a> Wenn ein Foto nicht in digitaler Weise vorliegt, der kann mir den Abzug auch vorbei bringen. Ich werde das dann einscannen und nat\u00fcrlich dem Besitzer wieder zur\u00fcckgeben.<br \/>\nVielen Dank. Olaf Knoth<\/p>\n","protected":false},"excerpt":{"rendered":"<p>Sch\u00fctzenkaiser der St.-Jakobus-Sch\u00fctzengesellschaft Lichtringhausen Wenn ein hinter dem Namen steht, ist ein Foto hinterlegt. Einfach dann auf den Namen klicken und es \u00f6ffnet sich ein neues Fenster mit dem Foto. [&hellip;]<\/p>\n","protected":false},"author":1,"featured_media":0,"parent":30,"menu_order":3,"comment_status":"closed","ping_status":"closed","template":"","meta":{"ngg_post_thumbnail":0,"footnotes":""},"_links":{"self":[{"href":"https:\/\/www.schuetzengesellschaft-lichtringhausen.de\/html\/wp-json\/wp\/v2\/pages\/7"}],"collection":[{"href":"https:\/\/www.schuetzengesellschaft-lichtringhausen.de\/html\/wp-json\/wp\/v2\/pages"}],"about":[{"href":"https:\/\/www.schuetzengesellschaft-lichtringhausen.de\/html\/wp-json\/wp\/v2\/types\/page"}],"author":[{"embeddable":true,"href":"https:\/\/www.schuetzengesellschaft-lichtringhausen.de\/html\/wp-json\/wp\/v2\/users\/1"}],"replies":[{"embeddable":true,"href":"https:\/\/www.schuetzengesellschaft-lichtringhausen.de\/html\/wp-json\/wp\/v2\/comments?post=7"}],"version-history":[{"count":5,"href":"https:\/\/www.schuetzengesellschaft-lichtringhausen.de\/html\/wp-json\/wp\/v2\/pages\/7\/revisions"}],"predecessor-version":[{"id":3984,"href":"https:\/\/www.schuetzengesellschaft-lichtringhausen.de\/html\/wp-json\/wp\/v2\/pages\/7\/revisions\/3984"}],"up":[{"embeddable":true,"href":"https:\/\/www.schuetzengesellschaft-lichtringhausen.de\/html\/wp-json\/wp\/v2\/pages\/30"}],"wp:attachment":[{"href":"https:\/\/www.schuetzengesellschaft-lichtringhausen.de\/html\/wp-json\/wp\/v2\/media?parent=7"}],"curies":[{"name":"wp","href":"https:\/\/api.w.org\/{rel}","templated":true}]}}