{"id":6,"date":"2005-04-12T21:04:26","date_gmt":"2005-04-12T19:04:26","guid":{"rendered":"http:\/\/www.schuetzengesellschaft-lichtringhausen.de\/html\/?page_id=6"},"modified":"2026-02-02T20:20:03","modified_gmt":"2026-02-02T18:20:03","slug":"der-vorstand","status":"publish","type":"page","link":"https:\/\/www.schuetzengesellschaft-lichtringhausen.de\/html\/uber-die-schutzengesellschaft\/2-abteilungen\/der-vorstand\/","title":{"rendered":"Vorstand"},"content":{"rendered":"<h1><strong>Vorstandsmitglieder<\/strong><\/h1>\n<table style=\"height: 1149px;\" border=\"0\" width=\"1382\" cellspacing=\"0\" cellpadding=\"0\">\n<colgroup>\n<col width=\"223\" \/>\n<col width=\"119\" \/>\n<col width=\"73\" \/><\/colgroup>\n<tbody>\n<tr>\n<td class=\"xl63\" width=\"223\" height=\"21\">\n<h3><span style=\"color: #339966;\"><strong>Aktuelle Funktion<\/strong><\/span><\/h3>\n<\/td>\n<td class=\"xl63\" width=\"119\">\n<h3><span style=\"color: #339966;\"><strong>Name<\/strong><\/span><\/h3>\n<\/td>\n<td class=\"xl63\" width=\"73\">\n<h3><span style=\"color: #339966;\"><strong>Vorname<\/strong><\/span><\/h3>\n<\/td>\n<\/tr>\n<tr>\n<td class=\"xl64\" height=\"21\">1. Vorsitzender (Major)<\/td>\n<td class=\"xl64\">Arens<\/td>\n<td class=\"xl64\">Friedhelm<\/td>\n<\/tr>\n<tr>\n<td class=\"xl64\" height=\"21\">2. Vorsitzender (Hauptmann)<\/td>\n<td class=\"xl64\">Rauterkus<\/td>\n<td class=\"xl64\">Andre<\/td>\n<\/tr>\n<tr>\n<td class=\"xl64\" height=\"21\">Gesch\u00e4ftsf\u00fchrer<\/td>\n<td class=\"xl64\">Braunschneider<\/td>\n<td class=\"xl64\">Manuel<\/td>\n<\/tr>\n<tr>\n<td class=\"xl64\" height=\"21\">Kassierer<\/td>\n<td class=\"xl64\">Extremera-Mayo<\/td>\n<td class=\"xl64\">Adrian<\/td>\n<\/tr>\n<tr>\n<td class=\"xl64\" height=\"21\">Ehrenvorsitzender \/ Ehrenmajor<\/td>\n<td class=\"xl64\">H\u00fcnerj\u00e4ger<\/td>\n<td class=\"xl64\">Uwe<\/td>\n<\/tr>\n<tr>\n<td class=\"xl64\" height=\"21\">Ehrenhauprtmann<\/td>\n<td class=\"xl64\">L\u00fcbke<\/td>\n<td class=\"xl64\">Gerhard<\/td>\n<\/tr>\n<tr>\n<td class=\"xl64\" height=\"21\">Ehrenmitglied<\/td>\n<td class=\"xl64\">Reuter<\/td>\n<td class=\"xl64\">Berthold<\/td>\n<\/tr>\n<tr>\n<td class=\"xl64\" height=\"21\">Amtierender Kaiser und 1. ZBV<\/td>\n<td class=\"xl64\">Eckert<\/td>\n<td class=\"xl64\">Michael<\/td>\n<\/tr>\n<tr>\n<td class=\"xl64\" height=\"21\">Amtierender Sch\u00fctzenk\u00f6nig<\/td>\n<td class=\"xl64\">Baruth<\/td>\n<td class=\"xl64\">Laurin<\/td>\n<\/tr>\n<tr>\n<td class=\"xl64\" height=\"21\">Amtierender Jungsch\u00fctzenk\u00f6nig<\/td>\n<td class=\"xl64\">Hermann<\/td>\n<td class=\"xl64\">Luca<\/td>\n<\/tr>\n<tr>\n<td class=\"xl64\" height=\"21\">1. Kaiseroffizier<\/td>\n<td class=\"xl64\">Stracke<\/td>\n<td class=\"xl64\">Michael<\/td>\n<\/tr>\n<tr>\n<td class=\"xl64\" height=\"21\">2. Kaiseroffizier<\/td>\n<td class=\"xl64\">Kramer<\/td>\n<td class=\"xl64\">Thomas<\/td>\n<\/tr>\n<tr>\n<td class=\"xl64\" height=\"21\">1. K\u00f6nigsoffizier<\/td>\n<td class=\"xl64\">Wurm<\/td>\n<td class=\"xl64\">J\u00f6rg<\/td>\n<\/tr>\n<tr>\n<td class=\"xl64\" height=\"21\">2. K\u00f6nigsoffizier<\/td>\n<td class=\"xl64\">L\u00fcbke<\/td>\n<td class=\"xl64\">Dennis<\/td>\n<\/tr>\n<tr>\n<td class=\"xl64\" height=\"21\">F\u00e4hnrich<\/td>\n<td class=\"xl64\">Florath<\/td>\n<td class=\"xl64\">Patrick<\/td>\n<\/tr>\n<tr>\n<td class=\"xl64\" height=\"21\">1. Fahnenoffizier<\/td>\n<td class=\"xl64\">Wurm<\/td>\n<td class=\"xl64\">Nico<\/td>\n<\/tr>\n<tr>\n<td class=\"xl64\" height=\"21\">2. Fahnenoffizier<\/td>\n<td class=\"xl64\">Hermann<\/td>\n<td class=\"xl64\">Luca<\/td>\n<\/tr>\n<tr>\n<td class=\"xl64\" height=\"21\">Zugf\u00fchrer der Fahnentruppe<\/td>\n<td class=\"xl64\">Extremera-Mayo<\/td>\n<td class=\"xl64\">Pascal<\/td>\n<\/tr>\n<tr>\n<td class=\"xl64\" height=\"21\">1. Zugf\u00fchrer<\/td>\n<td class=\"xl64\">Bertermann<\/td>\n<td class=\"xl64\">Patrick<\/td>\n<\/tr>\n<tr>\n<td class=\"xl64\" height=\"21\">2. Zugf\u00fchrer<\/td>\n<td class=\"xl64\">L\u00fcbke<\/td>\n<td class=\"xl64\">Sebastian<\/td>\n<\/tr>\n<tr>\n<td class=\"xl64\" height=\"21\">1. Offizier f\u00fcr Ehreng\u00e4ste<\/td>\n<td class=\"xl64\">Arens<\/td>\n<td class=\"xl64\">Michael<\/td>\n<\/tr>\n<tr>\n<td class=\"xl64\" height=\"21\">2. Offizier f\u00fcr Ehreng\u00e4ste<\/td>\n<td class=\"xl64\">Fischer<\/td>\n<td class=\"xl64\">Marco<\/td>\n<\/tr>\n<tr>\n<td class=\"xl64\" height=\"21\">3. Offizier f\u00fcr Ehreng\u00e4ste<\/td>\n<td class=\"xl64\">Kuhle<\/td>\n<td class=\"xl64\">Thorsten<\/td>\n<\/tr>\n<tr>\n<td class=\"xl64\" height=\"21\">4. Offizier F\u00fcr Ehreng\u00e4ste<\/td>\n<td class=\"xl64\">Florath<\/td>\n<td class=\"xl64\">Marco<\/td>\n<\/tr>\n<tr>\n<td class=\"xl64\" height=\"21\">2. ZBV (Jungsch\u00fctzenabteilung)<\/td>\n<td class=\"xl64\">Eckert<\/td>\n<td class=\"xl64\">Fabian<\/td>\n<\/tr>\n<tr>\n<td class=\"xl64\" height=\"21\">Jungsch\u00fctzenvertreter<\/td>\n<td class=\"xl64\">Schmidt<\/td>\n<td class=\"xl64\">Robin<\/td>\n<\/tr>\n<tr>\n<td class=\"xl64\" height=\"21\"><\/td>\n<td class=\"xl64\"><\/td>\n<td class=\"xl64\"><\/td>\n<\/tr>\n<\/tbody>\n<\/table>\n<p>&nbsp;<\/p>\n","protected":false},"excerpt":{"rendered":"<p>Vorstandsmitglieder Aktuelle Funktion Name Vorname 1. Vorsitzender (Major) Arens Friedhelm 2. Vorsitzender (Hauptmann) Rauterkus Andre Gesch\u00e4ftsf\u00fchrer Braunschneider Manuel Kassierer Extremera-Mayo Adrian Ehrenvorsitzender \/ Ehrenmajor H\u00fcnerj\u00e4ger Uwe Ehrenhauprtmann L\u00fcbke Gerhard Ehrenmitglied [&hellip;]<\/p>\n","protected":false},"author":1,"featured_media":0,"parent":30,"menu_order":1,"comment_status":"closed","ping_status":"closed","template":"","meta":{"ngg_post_thumbnail":0,"footnotes":""},"_links":{"self":[{"href":"https:\/\/www.schuetzengesellschaft-lichtringhausen.de\/html\/wp-json\/wp\/v2\/pages\/6"}],"collection":[{"href":"https:\/\/www.schuetzengesellschaft-lichtringhausen.de\/html\/wp-json\/wp\/v2\/pages"}],"about":[{"href":"https:\/\/www.schuetzengesellschaft-lichtringhausen.de\/html\/wp-json\/wp\/v2\/types\/page"}],"author":[{"embeddable":true,"href":"https:\/\/www.schuetzengesellschaft-lichtringhausen.de\/html\/wp-json\/wp\/v2\/users\/1"}],"replies":[{"embeddable":true,"href":"https:\/\/www.schuetzengesellschaft-lichtringhausen.de\/html\/wp-json\/wp\/v2\/comments?post=6"}],"version-history":[{"count":23,"href":"https:\/\/www.schuetzengesellschaft-lichtringhausen.de\/html\/wp-json\/wp\/v2\/pages\/6\/revisions"}],"predecessor-version":[{"id":4590,"href":"https:\/\/www.schuetzengesellschaft-lichtringhausen.de\/html\/wp-json\/wp\/v2\/pages\/6\/revisions\/4590"}],"up":[{"embeddable":true,"href":"https:\/\/www.schuetzengesellschaft-lichtringhausen.de\/html\/wp-json\/wp\/v2\/pages\/30"}],"wp:attachment":[{"href":"https:\/\/www.schuetzengesellschaft-lichtringhausen.de\/html\/wp-json\/wp\/v2\/media?parent=6"}],"curies":[{"name":"wp","href":"https:\/\/api.w.org\/{rel}","templated":true}]}}