{"id":35,"date":"2005-04-23T14:15:56","date_gmt":"2005-04-23T12:15:56","guid":{"rendered":"http:\/\/www.schuetzengesellschaft-lichtringhausen.de\/html\/?page_id=35"},"modified":"2015-06-30T20:04:18","modified_gmt":"2015-06-30T18:04:18","slug":"durch-die-jahrzehnte","status":"publish","type":"page","link":"https:\/\/www.schuetzengesellschaft-lichtringhausen.de\/html\/durch-die-jahrzehnte\/","title":{"rendered":"&#8211; durch die Jahrzehnte"},"content":{"rendered":"<p>Bilder verschiedener Jahrzehnte<\/p>\n<p><a title=\"Der Hofstaat von 1927\" href=\"http:\/\/www.schuetzengesellschaft-lichtringhausen.de\/html\/wp-content\/hofstaat_1927.jpg\" target=\"_blank\"><img loading=\"lazy\" decoding=\"async\" src=\"http:\/\/www.schuetzengesellschaft-lichtringhausen.de\/html\/wp-content\/thumb-hofstaat_1927.jpg\" alt=\"Der Hofstaat von 1927\" width=\"400\" height=\"243\" \/><\/a><br \/>\nDer Hofstaat von 1927 mit Sch\u00fctzenk\u00f6nig Hermann Rauterkus.<br \/>\nZum Vergr\u00f6\u00dfern einfach auf das Bild klicken.<br \/>\nDanke an Sascha Rauterkus f\u00fcr diese tolle Foto.<\/p>\n<p><img decoding=\"async\" src=\"http:\/\/www.schuetzengesellschaft-lichtringhausen.de\/html\/wp-content\/1929_schuetzenfest.jpg\" alt=\"\" \/><\/p>\n<p><img decoding=\"async\" src=\"http:\/\/www.schuetzengesellschaft-lichtringhausen.de\/html\/wp-content\/30er_jahre_boellerschiessen.jpg\" alt=\"\" \/><\/p>\n<p><img decoding=\"async\" src=\"http:\/\/www.schuetzengesellschaft-lichtringhausen.de\/html\/wp-content\/1936_schuetzenfest.jpg\" alt=\"\" \/><\/p>\n<p><img decoding=\"async\" src=\"http:\/\/www.schuetzengesellschaft-lichtringhausen.de\/html\/wp-content\/1938_schuetzenfest.jpg\" alt=\"\" \/><\/p>\n<p><img decoding=\"async\" src=\"http:\/\/www.schuetzengesellschaft-lichtringhausen.de\/html\/wp-content\/1953_schuetzenfest.jpg\" alt=\"\" \/><\/p>\n<p><img decoding=\"async\" src=\"http:\/\/www.schuetzengesellschaft-lichtringhausen.de\/html\/wp-content\/50er_ehrung_kriegsgefallene.jpg\" alt=\"\" \/><\/p>\n<p><img decoding=\"async\" src=\"http:\/\/www.schuetzengesellschaft-lichtringhausen.de\/html\/wp-content\/1966_hubert_damm_willi_kramer.jpg\" alt=\"\" \/><\/p>\n<p><img decoding=\"async\" src=\"http:\/\/www.schuetzengesellschaft-lichtringhausen.de\/html\/wp-content\/vogeltraeger_josef_schulte.jpg\" alt=\"\" \/><\/p>\n<p><img decoding=\"async\" src=\"http:\/\/www.schuetzengesellschaft-lichtringhausen.de\/html\/wp-content\/1990_ordensverleihung_schulte_bender.jpg\" alt=\"\" \/><\/p>\n<p><img decoding=\"async\" src=\"http:\/\/www.schuetzengesellschaft-lichtringhausen.de\/html\/wp-content\/2001_jubilarehrung.jpg\" alt=\"\" \/><\/p>\n<p><img decoding=\"async\" src=\"http:\/\/www.schuetzengesellschaft-lichtringhausen.de\/html\/wp-content\/1987_jubilarehrung.jpg\" alt=\"\" \/><\/p>\n<p><img decoding=\"async\" src=\"http:\/\/www.schuetzengesellschaft-lichtringhausen.de\/html\/wp-content\/christian_kramer.jpg\" alt=\"\" \/><\/p>\n<p><img decoding=\"async\" src=\"http:\/\/www.schuetzengesellschaft-lichtringhausen.de\/html\/wp-content\/2000_fahnengruppe_01.jpg\" alt=\"\" \/><\/p>\n<p><img decoding=\"async\" src=\"http:\/\/www.schuetzengesellschaft-lichtringhausen.de\/html\/wp-content\/fahnenoffiziere.jpg\" alt=\"\" \/><\/p>\n<p><em>Bilder aus der Festschrift \u201c75 Jahre St. Jakobus Sch\u00fctzengesellschaft Lichtringhausen 1927 e.V.\u201d aus dem Jahr 2002.<\/em><\/p>\n","protected":false},"excerpt":{"rendered":"<p>Bilder verschiedener Jahrzehnte Der Hofstaat von 1927 mit Sch\u00fctzenk\u00f6nig Hermann Rauterkus. Zum Vergr\u00f6\u00dfern einfach auf das Bild klicken. Danke an Sascha Rauterkus f\u00fcr diese tolle Foto. Bilder aus der Festschrift [&hellip;]<\/p>\n","protected":false},"author":1,"featured_media":0,"parent":0,"menu_order":100,"comment_status":"closed","ping_status":"closed","template":"","meta":{"ngg_post_thumbnail":0,"footnotes":""},"_links":{"self":[{"href":"https:\/\/www.schuetzengesellschaft-lichtringhausen.de\/html\/wp-json\/wp\/v2\/pages\/35"}],"collection":[{"href":"https:\/\/www.schuetzengesellschaft-lichtringhausen.de\/html\/wp-json\/wp\/v2\/pages"}],"about":[{"href":"https:\/\/www.schuetzengesellschaft-lichtringhausen.de\/html\/wp-json\/wp\/v2\/types\/page"}],"author":[{"embeddable":true,"href":"https:\/\/www.schuetzengesellschaft-lichtringhausen.de\/html\/wp-json\/wp\/v2\/users\/1"}],"replies":[{"embeddable":true,"href":"https:\/\/www.schuetzengesellschaft-lichtringhausen.de\/html\/wp-json\/wp\/v2\/comments?post=35"}],"version-history":[{"count":1,"href":"https:\/\/www.schuetzengesellschaft-lichtringhausen.de\/html\/wp-json\/wp\/v2\/pages\/35\/revisions"}],"predecessor-version":[{"id":2481,"href":"https:\/\/www.schuetzengesellschaft-lichtringhausen.de\/html\/wp-json\/wp\/v2\/pages\/35\/revisions\/2481"}],"wp:attachment":[{"href":"https:\/\/www.schuetzengesellschaft-lichtringhausen.de\/html\/wp-json\/wp\/v2\/media?parent=35"}],"curies":[{"name":"wp","href":"https:\/\/api.w.org\/{rel}","templated":true}]}}