{"id":30,"date":"2005-04-20T18:23:15","date_gmt":"2005-04-20T16:23:15","guid":{"rendered":"http:\/\/www.schuetzengesellschaft-lichtringhausen.de\/html\/?page_id=30"},"modified":"2018-06-26T18:05:38","modified_gmt":"2018-06-26T16:05:38","slug":"2-abteilungen","status":"publish","type":"page","link":"https:\/\/www.schuetzengesellschaft-lichtringhausen.de\/html\/uber-die-schutzengesellschaft\/2-abteilungen\/","title":{"rendered":"&#8211; Abteilungen"},"content":{"rendered":"<p>Die &#8222;St.-Jakobus-Sch\u00fctzengesellschaft&#8220; Lichtringhausen stellt hier Ihre Abteilungen vor.<br \/>\nDas sind im Besonderen:<\/p>\n<ul>\n<li>der <a href=\"http:\/\/www.schuetzengesellschaft-lichtringhausen.de\/html\/?page_id=6\">Vorstand<\/a><\/li>\n<li>die <a href=\"http:\/\/www.schuetzengesellschaft-lichtringhausen.de\/html\/?page_id=9\">Jungsch\u00fctzenk\u00f6nige<\/a><\/li>\n<li>die <a href=\"http:\/\/www.schuetzengesellschaft-lichtringhausen.de\/html\/?page_id=8\">Sch\u00fctzenk\u00f6nige<\/a> mit der neu gegr\u00fcndeten <a href=\"http:\/\/www.schuetzengesellschaft-lichtringhausen.de\/html\/?page_id=26\">K\u00f6nigskompanie<\/a>.<\/li>\n<li>die <a href=\"http:\/\/www.schuetzengesellschaft-lichtringhausen.de\/html\/?page_id=7\">Sch\u00fctzenkaiser<\/a><\/li>\n<li>und die <a href=\"http:\/\/www.schuetzengesellschaft-lichtringhausen.de\/html\/?page_id=27\">Fahnengruppe<\/a><\/li>\n<\/ul>\n<p>&nbsp;<\/p>\n","protected":false},"excerpt":{"rendered":"<p>Die &#8222;St.-Jakobus-Sch\u00fctzengesellschaft&#8220; Lichtringhausen stellt hier Ihre Abteilungen vor. Das sind im Besonderen: der Vorstand die Jungsch\u00fctzenk\u00f6nige die Sch\u00fctzenk\u00f6nige mit der neu gegr\u00fcndeten K\u00f6nigskompanie. die Sch\u00fctzenkaiser und die Fahnengruppe &nbsp;<\/p>\n","protected":false},"author":1,"featured_media":0,"parent":5,"menu_order":2,"comment_status":"closed","ping_status":"closed","template":"","meta":{"ngg_post_thumbnail":0,"footnotes":""},"_links":{"self":[{"href":"https:\/\/www.schuetzengesellschaft-lichtringhausen.de\/html\/wp-json\/wp\/v2\/pages\/30"}],"collection":[{"href":"https:\/\/www.schuetzengesellschaft-lichtringhausen.de\/html\/wp-json\/wp\/v2\/pages"}],"about":[{"href":"https:\/\/www.schuetzengesellschaft-lichtringhausen.de\/html\/wp-json\/wp\/v2\/types\/page"}],"author":[{"embeddable":true,"href":"https:\/\/www.schuetzengesellschaft-lichtringhausen.de\/html\/wp-json\/wp\/v2\/users\/1"}],"replies":[{"embeddable":true,"href":"https:\/\/www.schuetzengesellschaft-lichtringhausen.de\/html\/wp-json\/wp\/v2\/comments?post=30"}],"version-history":[{"count":3,"href":"https:\/\/www.schuetzengesellschaft-lichtringhausen.de\/html\/wp-json\/wp\/v2\/pages\/30\/revisions"}],"predecessor-version":[{"id":3982,"href":"https:\/\/www.schuetzengesellschaft-lichtringhausen.de\/html\/wp-json\/wp\/v2\/pages\/30\/revisions\/3982"}],"up":[{"embeddable":true,"href":"https:\/\/www.schuetzengesellschaft-lichtringhausen.de\/html\/wp-json\/wp\/v2\/pages\/5"}],"wp:attachment":[{"href":"https:\/\/www.schuetzengesellschaft-lichtringhausen.de\/html\/wp-json\/wp\/v2\/media?parent=30"}],"curies":[{"name":"wp","href":"https:\/\/api.w.org\/{rel}","templated":true}]}}