{"id":29,"date":"2005-04-20T12:48:30","date_gmt":"2005-04-20T10:48:30","guid":{"rendered":"http:\/\/www.schuetzengesellschaft-lichtringhausen.de\/html\/?page_id=29"},"modified":"2017-11-01T16:36:53","modified_gmt":"2017-11-01T14:36:53","slug":"vogelstange","status":"publish","type":"page","link":"https:\/\/www.schuetzengesellschaft-lichtringhausen.de\/html\/uber-die-schutzengesellschaft\/vogelstange\/","title":{"rendered":"&#8211; Vogelstange"},"content":{"rendered":"<p>Das Vogelschie\u00dfen, der H\u00f6hepunkt eines jeden Sch\u00fctzenfestes, findet auf dem Gel\u00e4nde des ehemaligen Skiliftes in Neuenhof statt. Hier wurde durch flei\u00dfigen Arbeitseinsatz ein sch\u00f6nes Umfeld f\u00fcr das Vogelschie\u00dfen geschaffen.<\/p>\n<p><img decoding=\"async\" src=\"http:\/\/www.schuetzengesellschaft-lichtringhausen.de\/html\/wp-content\/aufgang_vogelstange.jpg\" alt=\"\" border=\"0\"\/><\/p>\n<p>Hier gehen sie alle hoch. Aber nur einer kommt als K\u00f6nig wieder. Und einer als Jungsch\u00fctzenk\u00f6nig. Und ab und zu auch einer als Kaiser.<\/p>\n<p><img decoding=\"async\" src=\"http:\/\/www.schuetzengesellschaft-lichtringhausen.de\/html\/wp-content\/musikplatz1.jpg\" alt=\"\" border=\"0\"\/><\/p>\n<p>Die Musik hat ihren eigenen Platz.<\/p>\n<p><img decoding=\"async\" src=\"http:\/\/www.schuetzengesellschaft-lichtringhausen.de\/html\/wp-content\/musikplatz.jpg\" alt=\"\" border=\"0\"\/><\/p>\n<p>Hier nochmal der Musikplatz mit dem Schie\u00dfstand.<\/p>\n<p><img decoding=\"async\" src=\"http:\/\/www.schuetzengesellschaft-lichtringhausen.de\/html\/wp-content\/vogelstange_panorama.jpg\" alt=\"\" border=\"0\"\/><\/p>\n<p>Links die Skih\u00fctte, wo beim Vogelschie\u00dfen alle gespannt auf den neuen K\u00f6nig warten.<\/p>\n<p><img decoding=\"async\" src=\"http:\/\/www.schuetzengesellschaft-lichtringhausen.de\/html\/wp-content\/kugelfang.jpg\" alt=\"\" border=\"0\"\/><\/p>\n<p>Der Kugelfang. Noch ohne Vogel &#8211; aber Sch\u00fctzenfest ist es wieder soweit.<\/p>\n<p><img decoding=\"async\" src=\"http:\/\/www.schuetzengesellschaft-lichtringhausen.de\/html\/wp-content\/schuetzenansicht.jpg\" alt=\"\" border=\"0\"\/><\/p>\n<p>So in etwa ist die Ansicht eines frischen K\u00f6nigs. Der Vogel ist ab<\/p>\n<p>&nbsp;<img decoding=\"async\" src=\"http:\/\/www.schuetzengesellschaft-lichtringhausen.de\/html\/wp-content\/zurueck_zur_halle.jpg\" alt=\"\" border=\"0\"\/><\/p>\n<p>Nachdem die Majest\u00e4ten ermittelt wurden, geht es wieder zur\u00fcck zur Sch\u00fctzenhalle.<\/p>\n","protected":false},"excerpt":{"rendered":"<p>Das Vogelschie\u00dfen, der H\u00f6hepunkt eines jeden Sch\u00fctzenfestes, findet auf dem Gel\u00e4nde des ehemaligen Skiliftes in Neuenhof statt. Hier wurde durch flei\u00dfigen Arbeitseinsatz ein sch\u00f6nes Umfeld f\u00fcr das Vogelschie\u00dfen geschaffen. Hier [&hellip;]<\/p>\n","protected":false},"author":1,"featured_media":0,"parent":5,"menu_order":0,"comment_status":"closed","ping_status":"closed","template":"","meta":{"ngg_post_thumbnail":0,"footnotes":""},"_links":{"self":[{"href":"https:\/\/www.schuetzengesellschaft-lichtringhausen.de\/html\/wp-json\/wp\/v2\/pages\/29"}],"collection":[{"href":"https:\/\/www.schuetzengesellschaft-lichtringhausen.de\/html\/wp-json\/wp\/v2\/pages"}],"about":[{"href":"https:\/\/www.schuetzengesellschaft-lichtringhausen.de\/html\/wp-json\/wp\/v2\/types\/page"}],"author":[{"embeddable":true,"href":"https:\/\/www.schuetzengesellschaft-lichtringhausen.de\/html\/wp-json\/wp\/v2\/users\/1"}],"replies":[{"embeddable":true,"href":"https:\/\/www.schuetzengesellschaft-lichtringhausen.de\/html\/wp-json\/wp\/v2\/comments?post=29"}],"version-history":[{"count":1,"href":"https:\/\/www.schuetzengesellschaft-lichtringhausen.de\/html\/wp-json\/wp\/v2\/pages\/29\/revisions"}],"predecessor-version":[{"id":3703,"href":"https:\/\/www.schuetzengesellschaft-lichtringhausen.de\/html\/wp-json\/wp\/v2\/pages\/29\/revisions\/3703"}],"up":[{"embeddable":true,"href":"https:\/\/www.schuetzengesellschaft-lichtringhausen.de\/html\/wp-json\/wp\/v2\/pages\/5"}],"wp:attachment":[{"href":"https:\/\/www.schuetzengesellschaft-lichtringhausen.de\/html\/wp-json\/wp\/v2\/media?parent=29"}],"curies":[{"name":"wp","href":"https:\/\/api.w.org\/{rel}","templated":true}]}}