{"id":220,"date":"2012-06-26T20:42:52","date_gmt":"2012-06-26T18:42:52","guid":{"rendered":"http:\/\/www.schuetzengesellschaft-lichtringhausen.de\/html\/?page_id=220"},"modified":"2020-03-04T21:48:13","modified_gmt":"2020-03-04T19:48:13","slug":"10-mitgliedsantrag","status":"publish","type":"page","link":"https:\/\/www.schuetzengesellschaft-lichtringhausen.de\/html\/10-mitgliedsantrag\/","title":{"rendered":"Mitgliedsantrag"},"content":{"rendered":"<p>Wenn Sie Mitglied in der St. Jakobus Sch\u00fctzengesellschaft Lichtringhausen werden m\u00f6chten, sind Sie hier an der richtigen Stelle.<\/p>\n<p>Hier k\u00f6nnen Sie den Mitgliedsantrag herunterladen. Einfach ausf\u00fcllen und bei einem Vorstandsmitglied abgeben. Wir freuen uns \u00fcber jedes neue Mitglied.<\/p>\n<p><a href=\"https:\/\/www.schuetzengesellschaft-lichtringhausen.de\/html\/wp-content\/uploads\/2020.03.04-Mitgliedschaftsantrag-SGL.pdf\" target=\"_blank\" rel=\"noopener noreferrer\">2020.03.04 Mitgliedschaftsantrag SGL<\/a><\/p>\n","protected":false},"excerpt":{"rendered":"<p>Wenn Sie Mitglied in der St. Jakobus Sch\u00fctzengesellschaft Lichtringhausen werden m\u00f6chten, sind Sie hier an der richtigen Stelle. Hier k\u00f6nnen Sie den Mitgliedsantrag herunterladen. Einfach ausf\u00fcllen und bei einem Vorstandsmitglied [&hellip;]<\/p>\n","protected":false},"author":1,"featured_media":0,"parent":0,"menu_order":10,"comment_status":"open","ping_status":"closed","template":"","meta":{"ngg_post_thumbnail":0,"footnotes":""},"_links":{"self":[{"href":"https:\/\/www.schuetzengesellschaft-lichtringhausen.de\/html\/wp-json\/wp\/v2\/pages\/220"}],"collection":[{"href":"https:\/\/www.schuetzengesellschaft-lichtringhausen.de\/html\/wp-json\/wp\/v2\/pages"}],"about":[{"href":"https:\/\/www.schuetzengesellschaft-lichtringhausen.de\/html\/wp-json\/wp\/v2\/types\/page"}],"author":[{"embeddable":true,"href":"https:\/\/www.schuetzengesellschaft-lichtringhausen.de\/html\/wp-json\/wp\/v2\/users\/1"}],"replies":[{"embeddable":true,"href":"https:\/\/www.schuetzengesellschaft-lichtringhausen.de\/html\/wp-json\/wp\/v2\/comments?post=220"}],"version-history":[{"count":13,"href":"https:\/\/www.schuetzengesellschaft-lichtringhausen.de\/html\/wp-json\/wp\/v2\/pages\/220\/revisions"}],"predecessor-version":[{"id":4418,"href":"https:\/\/www.schuetzengesellschaft-lichtringhausen.de\/html\/wp-json\/wp\/v2\/pages\/220\/revisions\/4418"}],"wp:attachment":[{"href":"https:\/\/www.schuetzengesellschaft-lichtringhausen.de\/html\/wp-json\/wp\/v2\/media?parent=220"}],"curies":[{"name":"wp","href":"https:\/\/api.w.org\/{rel}","templated":true}]}}