{"id":20,"date":"2005-04-12T22:56:54","date_gmt":"2005-04-12T20:56:54","guid":{"rendered":"http:\/\/www.schuetzengesellschaft-lichtringhausen.de\/html\/?page_id=20"},"modified":"2016-05-22T13:50:33","modified_gmt":"2016-05-22T11:50:33","slug":"links","status":"publish","type":"page","link":"https:\/\/www.schuetzengesellschaft-lichtringhausen.de\/html\/links\/","title":{"rendered":"Links"},"content":{"rendered":"<p align=\"left\"><strong><u>Sch\u00fctzenbund<\/u><\/strong><\/p>\n<p align=\"left\"><a href=\"http:\/\/www.sauerlaender-schuetzenbund.de\/\/\" target=\"_blank\"> Sauerl\u00e4nder Sch\u00fctzenbund e.V.<\/a> <a href=\"http:\/\/www.kreisschuetzenbund-olpe.de\/\" target=\"_blank\"><br \/>\nKreissch\u00fctzenbund Olpe e.V.<\/a><\/p>\n<p align=\"left\">\n<hr \/>\n<p align=\"left\"><strong><u><br \/>\nSch\u00fctzenvereine \/ Sch\u00fctzengesellschaften<\/u><\/strong> <a href=\"http:\/\/www.schuetzenbruderschaft-helden.de\" target=\"_blank\"><br \/>\nSt. Sebastianus-Sch\u00fctzenbruderschaft Helden e.V.<br \/>\n<\/a> <a href=\"http:\/\/www.1222eV.de\" target=\"_blank\">Sch\u00fctzengesellschaft 1222 e.V. Attendorn<\/a> <a href=\"http:\/\/www.schuetzenverein-biekhofen.de\" target=\"_blank\"><br \/>\nSch\u00fctzenverein St. Hubertus 1938 e.V. Biekhofen<\/a><br \/>\n<a href=\"http:\/\/www.Listerscheider.Schuetzenverein.Attendorn.de\" target=\"_blank\">Listerscheider Sch\u00fctzenverein 1868 e.V.<\/a> <a href=\"http:\/\/www.schuetzenverein.ennest.de\" target=\"_blank\"><br \/>\nSch\u00fctzenverein St. Margareta e.V. Ennest<\/a> <a href=\"http:\/\/www.st-antonius.attendorn.de\" target=\"_blank\"><br \/>\nSch\u00fctzenbruderschaft St. Antonius Windhausen 1908 e.V.<\/a><\/p>\n<p align=\"left\">\n<hr \/>\n<p align=\"left\">\n<p align=\"left\"><strong><u>Vereine in Lichtringhausen \/ Neuenhof<\/u><\/strong> <a href=\"http:\/\/www.lichtringhausen.de\" target=\"_blank\"><br \/>\nlichtringhausen.de<\/a> &#8211; die Seite \u00fcber das Dorf Lichtringhausen<\/p>\n<p align=\"left\">\n<hr \/>\n<p align=\"left\">\n<p align=\"left\"><strong><u>Sonstige Seiten<\/u><\/strong><br \/>\nWenn Ihre Website hier genannt werden soll &#8211; eine kurze <a href=\"mailto:webmaster@schuetzengesellschaft-lichtringhausen.de\">Mail <\/a>gen\u00fcgt.<\/p>\n","protected":false},"excerpt":{"rendered":"<p>Sch\u00fctzenbund Sauerl\u00e4nder Sch\u00fctzenbund e.V. Kreissch\u00fctzenbund Olpe e.V. Sch\u00fctzenvereine \/ Sch\u00fctzengesellschaften St. Sebastianus-Sch\u00fctzenbruderschaft Helden e.V. Sch\u00fctzengesellschaft 1222 e.V. Attendorn Sch\u00fctzenverein St. Hubertus 1938 e.V. Biekhofen Listerscheider Sch\u00fctzenverein 1868 e.V. Sch\u00fctzenverein St. [&hellip;]<\/p>\n","protected":false},"author":1,"featured_media":0,"parent":0,"menu_order":8,"comment_status":"closed","ping_status":"closed","template":"","meta":{"ngg_post_thumbnail":0,"footnotes":""},"_links":{"self":[{"href":"https:\/\/www.schuetzengesellschaft-lichtringhausen.de\/html\/wp-json\/wp\/v2\/pages\/20"}],"collection":[{"href":"https:\/\/www.schuetzengesellschaft-lichtringhausen.de\/html\/wp-json\/wp\/v2\/pages"}],"about":[{"href":"https:\/\/www.schuetzengesellschaft-lichtringhausen.de\/html\/wp-json\/wp\/v2\/types\/page"}],"author":[{"embeddable":true,"href":"https:\/\/www.schuetzengesellschaft-lichtringhausen.de\/html\/wp-json\/wp\/v2\/users\/1"}],"replies":[{"embeddable":true,"href":"https:\/\/www.schuetzengesellschaft-lichtringhausen.de\/html\/wp-json\/wp\/v2\/comments?post=20"}],"version-history":[{"count":2,"href":"https:\/\/www.schuetzengesellschaft-lichtringhausen.de\/html\/wp-json\/wp\/v2\/pages\/20\/revisions"}],"predecessor-version":[{"id":2625,"href":"https:\/\/www.schuetzengesellschaft-lichtringhausen.de\/html\/wp-json\/wp\/v2\/pages\/20\/revisions\/2625"}],"wp:attachment":[{"href":"https:\/\/www.schuetzengesellschaft-lichtringhausen.de\/html\/wp-json\/wp\/v2\/media?parent=20"}],"curies":[{"name":"wp","href":"https:\/\/api.w.org\/{rel}","templated":true}]}}