{"id":18,"date":"2005-04-12T22:56:36","date_gmt":"2005-04-12T20:56:36","guid":{"rendered":"http:\/\/www.schuetzengesellschaft-lichtringhausen.de\/html\/?page_id=18"},"modified":"2020-03-04T22:01:08","modified_gmt":"2020-03-04T20:01:08","slug":"impressum","status":"publish","type":"page","link":"https:\/\/www.schuetzengesellschaft-lichtringhausen.de\/html\/impressum\/","title":{"rendered":"Impressum \/ Satzung"},"content":{"rendered":"<p><u><br \/>\nPostanschrift:<\/u><br \/>\nSt. Jakobus Sch\u00fctzengesellschaft Lichtringhausen<br \/>\nAm Berndebach 33<br \/>\n57439 Attendorn-Neuenhof<u><\/u><\/p>\n<p>Sch\u00fctzenhalle<br \/>\nHunnebrink 1<br \/>\n57439 Attendorn-Lichtringhausen<\/p>\n<p>Inhaltlich Verantwortlicher gem\u00e4\u00df \u00a7 6 MDStV: <a href=\"http:\/\/www.schuetzengesellschaft-lichtringhausen.de\/html\/?page_id=6\">Der Vorstand<\/a><\/p>\n<p>Webmaster: <a href=\"mailto:webmaster@schuetzengesellschaft-lichtringhausen.de\">Olaf Knoth<\/a><\/p>\n<p><a href=\"https:\/\/www.schuetzengesellschaft-lichtringhausen.de\/html\/wp-content\/uploads\/2019.02.02-Satzung-SGL.pdf\" target=\"_blank\" rel=\"noopener noreferrer\">2019.02.02 Satzung SGL<\/a><\/p>\n<p><a href=\"https:\/\/www.schuetzengesellschaft-lichtringhausen.de\/html\/wp-content\/uploads\/2020.01.25-Vereinsordnung-SGL.pdf\" target=\"_blank\" rel=\"noopener noreferrer\">2020.01.25 Vereinsordnung SGL<\/a><\/p>\n","protected":false},"excerpt":{"rendered":"<p>Postanschrift: St. Jakobus Sch\u00fctzengesellschaft Lichtringhausen Am Berndebach 33 57439 Attendorn-Neuenhof Sch\u00fctzenhalle Hunnebrink 1 57439 Attendorn-Lichtringhausen Inhaltlich Verantwortlicher gem\u00e4\u00df \u00a7 6 MDStV: Der Vorstand Webmaster: Olaf Knoth 2019.02.02 Satzung SGL 2020.01.25 [&hellip;]<\/p>\n","protected":false},"author":1,"featured_media":0,"parent":0,"menu_order":9,"comment_status":"closed","ping_status":"closed","template":"","meta":{"ngg_post_thumbnail":0,"footnotes":""},"_links":{"self":[{"href":"https:\/\/www.schuetzengesellschaft-lichtringhausen.de\/html\/wp-json\/wp\/v2\/pages\/18"}],"collection":[{"href":"https:\/\/www.schuetzengesellschaft-lichtringhausen.de\/html\/wp-json\/wp\/v2\/pages"}],"about":[{"href":"https:\/\/www.schuetzengesellschaft-lichtringhausen.de\/html\/wp-json\/wp\/v2\/types\/page"}],"author":[{"embeddable":true,"href":"https:\/\/www.schuetzengesellschaft-lichtringhausen.de\/html\/wp-json\/wp\/v2\/users\/1"}],"replies":[{"embeddable":true,"href":"https:\/\/www.schuetzengesellschaft-lichtringhausen.de\/html\/wp-json\/wp\/v2\/comments?post=18"}],"version-history":[{"count":5,"href":"https:\/\/www.schuetzengesellschaft-lichtringhausen.de\/html\/wp-json\/wp\/v2\/pages\/18\/revisions"}],"predecessor-version":[{"id":4422,"href":"https:\/\/www.schuetzengesellschaft-lichtringhausen.de\/html\/wp-json\/wp\/v2\/pages\/18\/revisions\/4422"}],"wp:attachment":[{"href":"https:\/\/www.schuetzengesellschaft-lichtringhausen.de\/html\/wp-json\/wp\/v2\/media?parent=18"}],"curies":[{"name":"wp","href":"https:\/\/api.w.org\/{rel}","templated":true}]}}